{"id":399,"date":"2023-11-17T09:22:07","date_gmt":"2023-11-17T09:22:07","guid":{"rendered":"https:\/\/peterpanierer.at\/?page_id=399"},"modified":"2026-02-09T18:23:06","modified_gmt":"2026-02-09T18:23:06","slug":"programme","status":"publish","type":"page","link":"https:\/\/peterpanierer.at\/?page_id=399","title":{"rendered":"Programme"},"content":{"rendered":"<div class=\"style-229 style-local-399-c1 position-relative\" data-colibri-id=\"399-c1\">\n<div id=\"custom\" class=\"h-section h-section-global-spacing d-flex align-items-lg-center align-items-md-center align-items-center style-230 style-local-399-c2 position-relative\" data-colibri-component=\"section\" data-colibri-id=\"399-c2\">\n<div class=\"h-section-grid-container h-section-boxed-container\">\n<div class=\"h-row-container gutters-row-lg-2 gutters-row-md-2 gutters-row-0 gutters-row-v-lg-2 gutters-row-v-md-2 gutters-row-v-2 style-231 style-local-399-c3 position-relative\" data-colibri-id=\"399-c3\">\n<div class=\"h-row justify-content-lg-center justify-content-md-center justify-content-center align-items-lg-stretch align-items-md-stretch align-items-stretch gutters-col-lg-2 gutters-col-md-2 gutters-col-0 gutters-col-v-lg-2 gutters-col-v-md-2 gutters-col-v-2\">\n<div class=\"h-column h-column-container d-flex h-col-lg-auto h-col-md-auto h-col-auto style-232-outer style-local-399-c4-outer\">\n<div class=\"d-flex h-flex-basis h-column__inner h-px-lg-2 h-px-md-2 h-px-2 v-inner-lg-2 v-inner-md-2 v-inner-2 style-232 style-local-399-c4 position-relative\" data-colibri-id=\"399-c4\">\n<div class=\"w-100 h-y-container h-column__content h-column__v-align flex-basis-100 align-self-lg-start align-self-md-start align-self-start\">\n<div class=\"h-text h-text-component style-233 style-local-399-c5 position-relative h-element\" data-colibri-id=\"399-c5\">\n<div class=\"\">\n<h1 style=\"text-align: center;\"><strong>INTRO<\/strong><\/h1>\n<h4 style=\"text-align: center;\">INTRO ist ein Programm ohne Untertitel. Schn\u00f6rkellos, gerade raus, ohne Blatt vorm Mund.<\/h4>\n<h4 style=\"text-align: center;\">Warum freut man sich \u00fcber rauchende Kinder? Wieso tritt einer zweimal aus der Kirche aus? Und weshalb nennt sich dieser jemand ausgerechnet Peter Panierer?<\/h4>\n<h4 style=\"text-align: center;\">Vielleicht aus den selben Gr\u00fcnden, aus denen er gerne mit kugelsicherer Weste unterrichtet, arbeitslose Eltern bevorzugt und nachhaltigem Ladendiebstahl etwas abgewinnen kann.<\/h4>\n<h4 style=\"text-align: center;\">Eine Einladung in eine Welt, in der die Absurdit\u00e4t manchmal n\u00e4her an der Realit\u00e4t liegt, als uns lieb ist.<\/h4>\n<p><a href=\"https:\/\/drive.google.com\/file\/d\/1irH3A1oRxz2GwQgGgySJZu4byTV7I9kk\/view?usp=drive_link\" target=\"_blank\" rel=\"noopener\"><img loading=\"lazy\" decoding=\"async\" class=\"aligncenter wp-image-1664 size-large\" src=\"https:\/\/peterpanierer.at\/wp-content\/uploads\/2025\/04\/Kopie-von-2025_04_INTRO-final-ohne-Rand-Poster-Hochformat-724x1024.png\" alt=\"\" width=\"724\" height=\"1024\" srcset=\"https:\/\/peterpanierer.at\/wp-content\/uploads\/2025\/04\/Kopie-von-2025_04_INTRO-final-ohne-Rand-Poster-Hochformat-724x1024.png 724w, https:\/\/peterpanierer.at\/wp-content\/uploads\/2025\/04\/Kopie-von-2025_04_INTRO-final-ohne-Rand-Poster-Hochformat-212x300.png 212w, https:\/\/peterpanierer.at\/wp-content\/uploads\/2025\/04\/Kopie-von-2025_04_INTRO-final-ohne-Rand-Poster-Hochformat-768x1086.png 768w, https:\/\/peterpanierer.at\/wp-content\/uploads\/2025\/04\/Kopie-von-2025_04_INTRO-final-ohne-Rand-Poster-Hochformat-1086x1536.png 1086w, https:\/\/peterpanierer.at\/wp-content\/uploads\/2025\/04\/Kopie-von-2025_04_INTRO-final-ohne-Rand-Poster-Hochformat-1448x2048.png 1448w, https:\/\/peterpanierer.at\/wp-content\/uploads\/2025\/04\/Kopie-von-2025_04_INTRO-final-ohne-Rand-Poster-Hochformat.png 1587w\" sizes=\"auto, (max-width: 724px) 100vw, 724px\" \/><\/a><\/p>\n<p style=\"text-align: center;\">(Foto: Martin Steiger)<\/p>\n<div class=\"h-column h-column-container d-flex h-col-lg-auto h-col-md-auto h-col-auto style-232-outer style-local-399-c4-outer\" style=\"text-align: center;\">\n<div class=\"d-flex h-flex-basis h-column__inner h-px-lg-2 h-px-md-2 h-px-2 v-inner-lg-2 v-inner-md-2 v-inner-2 style-232 style-local-399-c4 position-relative\" data-colibri-id=\"399-c4\"><\/div>\n<\/div>\n<\/div>\n<\/div>\n<\/div>\n<\/div>\n<\/div>\n<div class=\"h-column h-column-container d-flex h-col-lg-auto h-col-md-auto h-col-auto style-244-outer style-local-399-c6-outer\">\n<div class=\"d-flex h-flex-basis h-column__inner h-px-lg-2 h-px-md-2 h-px-2 v-inner-lg-2 v-inner-md-2 v-inner-2 style-244 style-local-399-c6 position-relative\" data-colibri-id=\"399-c6\">\n<div class=\"w-100 h-y-container h-column__content h-column__v-align flex-basis-100 align-self-lg-start align-self-md-start align-self-start\">\n<div class=\"d-block style-245 style-local-399-c7 position-relative h-element\" data-colibri-id=\"399-c7\">\n<div class=\"h-image__frame-container-outer\">\n<h1 style=\"text-align: center;\"><strong>STREUGUT<br \/>\n<\/strong><\/h1>\n<h4 style=\"text-align: center;\"><span style=\"color: #ff0000;\"><strong>Premiere 20.10.26<br \/>\nKabarett Niedermair<\/strong><\/span><\/h4>\n<h4 style=\"text-align: center;\">Ein Abend \u00fcber Umwege, Missverst\u00e4ndnisse und die Kunst, sich selbst im Weg zu stehen<\/h4>\n<h4 style=\"text-align: center;\">In seinem zweiten Programm nimmt Peter Panierer sein Publikum mit auf eine Reise durch sein eigenes Leben \u2013 von den kleinen Skurrilit\u00e4ten der Kindheit \u00fcber chaotische Jugendabenteuer bis zu den Beobachtungen eines Erwachsenen, der immer noch versucht, das Leben zu verstehen. Es sind Geschichten von Missgeschicken, Gl\u00fcck, absurden Situationen und Momenten, in denen man sich am liebsten unsichtbar machen w\u00fcrde \u2013 erz\u00e4hlt mit einer Mischung aus Waghalsigkeit, Frechheit und ganz viel Herz.<\/h4>\n<h4 style=\"text-align: center;\">Ob eskalierende Lachanf\u00e4lle in Kirchen, katastrophale Friseurbesuche oder Urlaube, bei denen man nur durch Gl\u00fcck unversehrt bleibt: Panierer l\u00e4sst das Publikum direkt an seinen Erfahrungen teilhaben. Aufgewachsen im Arbeiterbezirk, bringt er einen unverwechselbaren Wiener Ton und Stra\u00dfenwitz mit, ohne auf Pers\u00f6nlichkeit und Tiefe zu verzichten.<\/h4>\n<h4 style=\"text-align: center;\">Dabei ist sein Humor immer pers\u00f6nlich, oft provokant und gerne tabu. Er regt sich \u00fcber Menschen, Systeme und eine Gesellschaft auf, die sich erstaunlich treffsicher selbst im Weg steht \u2013 und \u00fcber die absurden Regeln des Lebens, die wir uns dabei st\u00e4ndig selbst auferlegen. Aber noch \u00f6fter lacht er \u00fcber sich selbst, seine eigenen Fehltritte und Schw\u00e4chen.<\/h4>\n<h4 style=\"text-align: center;\"><strong>\u201eSTREUGUT\u201c <\/strong>ist Comedy, die direkt aus dem Leben kommt, Kabarett, das Tempo und Pointen liebt, und ein Abend voller Geschichten, die nachwirken: ehrlich, witzig, manchmal unbequem \u2013 und immer mit der Einladung zum Wiedererkennen.<\/h4>\n<p><a href=\"https:\/\/drive.google.com\/file\/d\/1Q9wj3szvLbz7hLLcVvwbpQqrtgbbEx6k\/view?usp=drive_link\" target=\"_blank\" rel=\"noopener\"><img loading=\"lazy\" decoding=\"async\" class=\"aligncenter wp-image-1880 size-large\" src=\"https:\/\/peterpanierer.at\/wp-content\/uploads\/2026\/02\/Panierer_Streugut_web-724x1024.jpg\" alt=\"\" width=\"724\" height=\"1024\" srcset=\"https:\/\/peterpanierer.at\/wp-content\/uploads\/2026\/02\/Panierer_Streugut_web-724x1024.jpg 724w, https:\/\/peterpanierer.at\/wp-content\/uploads\/2026\/02\/Panierer_Streugut_web-212x300.jpg 212w, https:\/\/peterpanierer.at\/wp-content\/uploads\/2026\/02\/Panierer_Streugut_web-768x1086.jpg 768w, https:\/\/peterpanierer.at\/wp-content\/uploads\/2026\/02\/Panierer_Streugut_web-1086x1536.jpg 1086w, https:\/\/peterpanierer.at\/wp-content\/uploads\/2026\/02\/Panierer_Streugut_web-1448x2048.jpg 1448w, https:\/\/peterpanierer.at\/wp-content\/uploads\/2026\/02\/Panierer_Streugut_web.jpg 1600w\" sizes=\"auto, (max-width: 724px) 100vw, 724px\" \/><\/a><\/p>\n<p style=\"text-align: center;\">(Foto: Jakob Plattner)<\/p>\n<\/div>\n<\/div>\n<\/div>\n<\/div>\n<\/div>\n<\/div>\n<\/div>\n<\/div>\n<\/div>\n<\/div>\n","protected":false},"excerpt":{"rendered":"<p>INTRO INTRO ist ein Programm ohne Untertitel. Schn\u00f6rkellos, gerade raus, ohne Blatt vorm Mund. Warum freut man sich \u00fcber rauchende Kinder? Wieso tritt einer zweimal aus der Kirche aus? Und weshalb nennt sich dieser jemand ausgerechnet Peter Panierer? Vielleicht aus den selben Gr\u00fcnden, aus denen er gerne mit kugelsicherer Weste unterrichtet, arbeitslose Eltern bevorzugt und [&hellip;]<\/p>\n","protected":false},"author":2,"featured_media":0,"parent":0,"menu_order":0,"comment_status":"closed","ping_status":"closed","template":"page-templates\/full-width-page.php","meta":{"footnotes":""},"class_list":["post-399","page","type-page","status-publish","hentry"],"_links":{"self":[{"href":"https:\/\/peterpanierer.at\/index.php?rest_route=\/wp\/v2\/pages\/399","targetHints":{"allow":["GET"]}}],"collection":[{"href":"https:\/\/peterpanierer.at\/index.php?rest_route=\/wp\/v2\/pages"}],"about":[{"href":"https:\/\/peterpanierer.at\/index.php?rest_route=\/wp\/v2\/types\/page"}],"author":[{"embeddable":true,"href":"https:\/\/peterpanierer.at\/index.php?rest_route=\/wp\/v2\/users\/2"}],"replies":[{"embeddable":true,"href":"https:\/\/peterpanierer.at\/index.php?rest_route=%2Fwp%2Fv2%2Fcomments&post=399"}],"version-history":[{"count":48,"href":"https:\/\/peterpanierer.at\/index.php?rest_route=\/wp\/v2\/pages\/399\/revisions"}],"predecessor-version":[{"id":1901,"href":"https:\/\/peterpanierer.at\/index.php?rest_route=\/wp\/v2\/pages\/399\/revisions\/1901"}],"wp:attachment":[{"href":"https:\/\/peterpanierer.at\/index.php?rest_route=%2Fwp%2Fv2%2Fmedia&parent=399"}],"curies":[{"name":"wp","href":"https:\/\/api.w.org\/{rel}","templated":true}]}}