{"id":198,"date":"2023-11-12T20:42:28","date_gmt":"2023-11-12T20:42:28","guid":{"rendered":"https:\/\/peterpanierer.at\/?page_id=198"},"modified":"2025-07-07T18:48:43","modified_gmt":"2025-07-07T18:48:43","slug":"presse","status":"publish","type":"page","link":"https:\/\/peterpanierer.at\/?page_id=198","title":{"rendered":"Info &#038; Presse"},"content":{"rendered":"<div class=\"style-218 style-local-198-c1 position-relative\" data-colibri-id=\"198-c1\">\n<div id=\"custom\" class=\"h-section h-section-global-spacing d-flex align-items-lg-center align-items-md-center align-items-center style-219 style-local-198-c2 position-relative\" data-colibri-component=\"section\" data-colibri-id=\"198-c2\">\n<div class=\"h-section-grid-container h-section-boxed-container\">\n<div class=\"h-row-container gutters-row-lg-2 gutters-row-md-2 gutters-row-0 gutters-row-v-lg-2 gutters-row-v-md-2 gutters-row-v-2 style-220 style-local-198-c3 position-relative\" data-colibri-id=\"198-c3\">\n<div class=\"h-row justify-content-lg-center justify-content-md-center justify-content-center align-items-lg-stretch align-items-md-stretch align-items-stretch gutters-col-lg-2 gutters-col-md-2 gutters-col-0 gutters-col-v-lg-2 gutters-col-v-md-2 gutters-col-v-2\">\n<div class=\"h-column h-column-container d-flex h-col-lg-auto h-col-md-auto h-col-auto style-222-outer style-local-198-c4-outer\">\n<div class=\"d-flex h-flex-basis h-column__inner h-px-lg-2 h-px-md-2 h-px-2 v-inner-lg-2 v-inner-md-2 v-inner-2 style-222 style-local-198-c4 position-relative\" data-colibri-id=\"198-c4\">\n<div class=\"w-100 h-y-container h-column__content h-column__v-align flex-basis-100 align-self-lg-start align-self-md-start align-self-start\">\n<div class=\"h-lead h-text h-text-component style-223 style-local-198-c5 position-relative h-element\" data-colibri-id=\"198-c5\">\n<div class=\"\">\n<h4 style=\"text-align: center;\">Das Schaffen des Peter Panierer ist schwer \u00fcberschaubar und, so wie die Kunstfigur an sich, im stetigen Wandel. Im Brotberuf ist Mathias Hofbauer Kulturmanager und Volksschullehrer in Wien. Wo die Grenzen zwischen ihm und seinem Alter Ego Peter Panierer verlaufen, kann er selbst l\u00e4ngst nicht mehr nachvollziehen. Gemeinsam pendeln sie zwischen Kabarett, Stand Up, Moderation, Schauspiel, Eventmanagement, sowie Engagements als Autor und Sprecher. 2017 gewann Panierer den Publikumspreis des \u00d61 H\u00f6rspielwettbewerbs \u201eTrack5\u201c, 2023 den Grazer Kleinkunstvogel, 2024 den Jurypreis beim Freist\u00e4dter Frischling und 2025 die Ennser Kleinkunstkartoffel.<\/h4>\n<h4 style=\"text-align: center;\">Sein erstes und aktuelles Soloprogramm &#8222;INTRO&#8220; hatte im Dezember 2023 im Theatercaf\u00e9 Graz Premiere.<\/h4>\n<p style=\"text-align: center;\">&#8212;<\/p>\n<h4 style=\"text-align: center;\"><em>&#8222;Suderant aus Wien-Floridsdorf \u201epaniert\u201c die kabarettistische Konkurrenz&#8220;<br \/>\n(ORF Steiermark)<\/em><\/h4>\n<p>&nbsp;<\/p>\n<h4><\/h4>\n<h4 style=\"text-align: center;\"><em>\u201c\u00dcberzeugt [&#8230;] mit feinem Spannungsbogen und hintergr\u00fcndigem Witz.\u201d<br \/>\n(Kronen Zeitung)\u00a0<\/em><\/h4>\n<p>&nbsp;<\/p>\n<h4><\/h4>\n<h4 style=\"text-align: center;\"><em>\u201cDie verquirlte Situation Brennpunktthemen unserer Gesellschaft kunstvoll aus dem Anker zu heben, neu zusammenzusetzen, delikat zu servieren und damit die hohe Kunst sich \u00fcber die Problematik lustig zu machen ohne die Betroffenen zu verraten hat uns als Jury eingenommen.\u201d<br \/>\n(Finaljury Grazer Kleinkunstvogel)<\/em><\/h4>\n<\/div>\n<\/div>\n<\/div>\n<\/div>\n<\/div>\n<\/div>\n<\/div>\n<h4><\/h4>\n<div class=\"h-row-container gutters-row-lg-2 gutters-row-md-2 gutters-row-0 gutters-row-v-lg-2 gutters-row-v-md-2 gutters-row-v-2 style-220 style-local-198-c3 position-relative\" data-colibri-id=\"198-c3\">\n<div class=\"h-row justify-content-lg-center justify-content-md-center justify-content-center align-items-lg-stretch align-items-md-stretch align-items-stretch gutters-col-lg-2 gutters-col-md-2 gutters-col-0 gutters-col-v-lg-2 gutters-col-v-md-2 gutters-col-v-2\">\n<h4><\/h4>\n<h4 style=\"text-align: center;\"><em>&#8222;Sein Humor bewegt sich an der Schnittstelle von verschmitzter Alltagsbeobachtung und kalkulierter Gemeinplatzzertr\u00fcmmerung. (&#8230;) Dass er mehr Geschichtensammler als Provokateur ist, kann man ihm nicht \u00fcbelnehmen. Im Gegenteil: Man m\u00f6chte ihm noch l\u00e4nger zuh\u00f6ren, gerade weil er diesen sensiblen, aber unaufgeregten Unterton beherrscht, der hinter den Pointen lauert.&#8220;<br \/>\n(Sigrun Karre, KUMA &#8211; der steirische Kulturkalender)<\/em><\/h4>\n<div class=\"h-column h-column-container d-flex h-col-lg-auto h-col-md-auto h-col-auto style-222-outer style-local-198-c4-outer\">\n<div class=\"d-flex h-flex-basis h-column__inner h-px-lg-2 h-px-md-2 h-px-2 v-inner-lg-2 v-inner-md-2 v-inner-2 style-222 style-local-198-c4 position-relative\" data-colibri-id=\"198-c4\">\n<div class=\"w-100 h-y-container h-column__content h-column__v-align flex-basis-100 align-self-lg-start align-self-md-start align-self-start\">\n<div class=\"h-lead h-text h-text-component style-223 style-local-198-c5 position-relative h-element\" data-colibri-id=\"198-c5\">\n<div class=\"\">\n<h4><\/h4>\n<h4 style=\"text-align: center;\"><em>\u201cPeter Panierer ist ein Tausendsassa. Ein extrovertierter Suderant aus Floridsdorf, dem man einfach gerne zuh\u00f6rt. Gehen Sie hin!\u201d<br \/>\n(Diana K\u00f6hle, Tagebuch Slam)<\/em><\/h4>\n<p>&nbsp;<\/p>\n<h4><\/h4>\n<h4 style=\"text-align: center;\"><em>\u201cWer ist er, bitte?\u201d<br \/>\n(Influencer DAVE)<\/em><\/h4>\n<p style=\"text-align: center;\">\n<\/div>\n<\/div>\n<\/div>\n<\/div>\n<\/div>\n<\/div>\n<\/div>\n<\/div>\n<\/div>\n<\/div>\n","protected":false},"excerpt":{"rendered":"<p>Das Schaffen des Peter Panierer ist schwer \u00fcberschaubar und, so wie die Kunstfigur an sich, im stetigen Wandel. Im Brotberuf ist Mathias Hofbauer Kulturmanager und Volksschullehrer in Wien. Wo die Grenzen zwischen ihm und seinem Alter Ego Peter Panierer verlaufen, kann er selbst l\u00e4ngst nicht mehr nachvollziehen. Gemeinsam pendeln sie zwischen Kabarett, Stand Up, Moderation, [&hellip;]<\/p>\n","protected":false},"author":2,"featured_media":0,"parent":0,"menu_order":0,"comment_status":"closed","ping_status":"closed","template":"page-templates\/full-width-page.php","meta":{"footnotes":""},"class_list":["post-198","page","type-page","status-publish","hentry"],"_links":{"self":[{"href":"https:\/\/peterpanierer.at\/index.php?rest_route=\/wp\/v2\/pages\/198","targetHints":{"allow":["GET"]}}],"collection":[{"href":"https:\/\/peterpanierer.at\/index.php?rest_route=\/wp\/v2\/pages"}],"about":[{"href":"https:\/\/peterpanierer.at\/index.php?rest_route=\/wp\/v2\/types\/page"}],"author":[{"embeddable":true,"href":"https:\/\/peterpanierer.at\/index.php?rest_route=\/wp\/v2\/users\/2"}],"replies":[{"embeddable":true,"href":"https:\/\/peterpanierer.at\/index.php?rest_route=%2Fwp%2Fv2%2Fcomments&post=198"}],"version-history":[{"count":27,"href":"https:\/\/peterpanierer.at\/index.php?rest_route=\/wp\/v2\/pages\/198\/revisions"}],"predecessor-version":[{"id":1755,"href":"https:\/\/peterpanierer.at\/index.php?rest_route=\/wp\/v2\/pages\/198\/revisions\/1755"}],"wp:attachment":[{"href":"https:\/\/peterpanierer.at\/index.php?rest_route=%2Fwp%2Fv2%2Fmedia&parent=198"}],"curies":[{"name":"wp","href":"https:\/\/api.w.org\/{rel}","templated":true}]}}