{"id":1606,"date":"2025-03-31T18:42:56","date_gmt":"2025-03-31T18:42:56","guid":{"rendered":"https:\/\/peterpanierer.at\/?page_id=1606"},"modified":"2025-03-31T18:52:25","modified_gmt":"2025-03-31T18:52:25","slug":"auszeichnungen","status":"publish","type":"page","link":"https:\/\/peterpanierer.at\/?page_id=1606","title":{"rendered":"Auszeichnungen"},"content":{"rendered":"<p style=\"text-align: center;\"><strong>2017<\/strong><br \/>\n\u00d61 H\u00f6rspielwettbewerb &#8222;Track5&#8220; (Publikumspreis)<\/p>\n<p style=\"text-align: center;\"><strong>2023<\/strong><br \/>\nGrazer Kleinkunstvogel (Jurypreis)<\/p>\n<p style=\"text-align: center;\"><strong>2024<\/strong><br \/>\nFreist\u00e4dter Frischling (Jurypreis)<\/p>\n<p style=\"text-align: center;\"><strong>2025<\/strong><br \/>\nEnnser Kleinkunstkartoffel (Publikumspreis)<\/p>\n","protected":false},"excerpt":{"rendered":"<p>2017 \u00d61 H\u00f6rspielwettbewerb &#8222;Track5&#8220; (Publikumspreis) 2023 Grazer Kleinkunstvogel (Jurypreis) 2024 Freist\u00e4dter Frischling (Jurypreis) 2025 Ennser Kleinkunstkartoffel (Publikumspreis)<\/p>\n","protected":false},"author":2,"featured_media":0,"parent":0,"menu_order":0,"comment_status":"closed","ping_status":"closed","template":"","meta":{"footnotes":""},"class_list":["post-1606","page","type-page","status-publish","hentry"],"_links":{"self":[{"href":"https:\/\/peterpanierer.at\/index.php?rest_route=\/wp\/v2\/pages\/1606","targetHints":{"allow":["GET"]}}],"collection":[{"href":"https:\/\/peterpanierer.at\/index.php?rest_route=\/wp\/v2\/pages"}],"about":[{"href":"https:\/\/peterpanierer.at\/index.php?rest_route=\/wp\/v2\/types\/page"}],"author":[{"embeddable":true,"href":"https:\/\/peterpanierer.at\/index.php?rest_route=\/wp\/v2\/users\/2"}],"replies":[{"embeddable":true,"href":"https:\/\/peterpanierer.at\/index.php?rest_route=%2Fwp%2Fv2%2Fcomments&post=1606"}],"version-history":[{"count":8,"href":"https:\/\/peterpanierer.at\/index.php?rest_route=\/wp\/v2\/pages\/1606\/revisions"}],"predecessor-version":[{"id":1616,"href":"https:\/\/peterpanierer.at\/index.php?rest_route=\/wp\/v2\/pages\/1606\/revisions\/1616"}],"wp:attachment":[{"href":"https:\/\/peterpanierer.at\/index.php?rest_route=%2Fwp%2Fv2%2Fmedia&parent=1606"}],"curies":[{"name":"wp","href":"https:\/\/api.w.org\/{rel}","templated":true}]}}